{"id":2,"date":"2024-06-17T19:20:08","date_gmt":"2024-06-17T19:20:08","guid":{"rendered":"https:\/\/democracia.do\/?page_id=2"},"modified":"2024-06-17T21:02:02","modified_gmt":"2024-06-17T21:02:02","slug":"sample-page","status":"publish","type":"page","link":"https:\/\/democracia.do\/","title":{"rendered":"PORTADA"},"content":{"rendered":"\t\t<div data-elementor-type=\"wp-page\" data-elementor-id=\"2\" class=\"elementor elementor-2\">\n\t\t\t\t<div class=\"elementor-element elementor-element-6ad52489 e-flex e-con-boxed e-con e-parent\" data-id=\"6ad52489\" data-element_type=\"container\">\n\t\t\t\t\t<div class=\"e-con-inner\">\n\t\t\t\t<div class=\"elementor-element elementor-element-5849fa5e elementor-widget elementor-widget-text-editor\" data-id=\"5849fa5e\" data-element_type=\"widget\" data-widget_type=\"text-editor.default\">\n\t\t\t\t<div class=\"elementor-widget-container\">\n\t\t\t<style>\/*! elementor - v3.22.0 - 17-06-2024 *\/\n.elementor-widget-text-editor.elementor-drop-cap-view-stacked .elementor-drop-cap{background-color:#69727d;color:#fff}.elementor-widget-text-editor.elementor-drop-cap-view-framed .elementor-drop-cap{color:#69727d;border:3px solid;background-color:transparent}.elementor-widget-text-editor:not(.elementor-drop-cap-view-default) .elementor-drop-cap{margin-top:8px}.elementor-widget-text-editor:not(.elementor-drop-cap-view-default) .elementor-drop-cap-letter{width:1em;height:1em}.elementor-widget-text-editor .elementor-drop-cap{float:left;text-align:center;line-height:1;font-size:50px}.elementor-widget-text-editor .elementor-drop-cap-letter{display:inline-block}<\/style>\t\t\t\t<p><img fetchpriority=\"high\" decoding=\"async\" class=\"aligncenter wp-image-25 size-full\" src=\"https:\/\/democracia.do\/wp-content\/uploads\/2024\/06\/DEMOCRACIA.png\" alt=\"\" width=\"356\" height=\"178\" srcset=\"https:\/\/democracia.do\/wp-content\/uploads\/2024\/06\/DEMOCRACIA.png 356w, https:\/\/democracia.do\/wp-content\/uploads\/2024\/06\/DEMOCRACIA-300x150.png 300w\" sizes=\"(max-width: 356px) 100vw, 356px\" \/><\/p>\t\t\t\t\t\t<\/div>\n\t\t\t\t<\/div>\n\t\t\t\t\t<\/div>\n\t\t\t\t<\/div>\n\t\t<div class=\"elementor-element elementor-element-8eecb2d e-flex e-con-boxed e-con e-parent\" data-id=\"8eecb2d\" data-element_type=\"container\">\n\t\t\t\t\t<div class=\"e-con-inner\">\n\t\t\t\t<div class=\"elementor-element elementor-element-8add670 elementor-widget elementor-widget-text-editor\" data-id=\"8add670\" data-element_type=\"widget\" data-widget_type=\"text-editor.default\">\n\t\t\t\t<div class=\"elementor-widget-container\">\n\t\t\t\t\t\t\t<h3 style=\"text-align: center;\"><strong>Objetivo<\/strong><\/h3><p>El objetivo para el proyecto &#8220;democracia.do&#8221; es proporcionar una plataforma integral y accesible que fomente la participaci\u00f3n ciudadana, la educaci\u00f3n c\u00edvica y la transparencia en los procesos democr\u00e1ticos de la Rep\u00fablica Dominicana. Este portal tiene como finalidad principal fortalecer la democracia al informar y capacitar a los ciudadanos, promover la rendici\u00f3n de cuentas y facilitar el di\u00e1logo entre la sociedad y las instituciones gubernamentales.<\/p>\t\t\t\t\t\t<\/div>\n\t\t\t\t<\/div>\n\t\t\t\t\t<\/div>\n\t\t\t\t<\/div>\n\t\t\t\t<\/div>\n\t\t","protected":false},"excerpt":{"rendered":"<p>Objetivo El objetivo para el proyecto &#8220;democracia.do&#8221; es proporcionar una plataforma integral y accesible que fomente la participaci\u00f3n ciudadana, la educaci\u00f3n c\u00edvica y la transparencia en los procesos democr\u00e1ticos de la Rep\u00fablica Dominicana. Este portal tiene como finalidad principal fortalecer la democracia al informar y capacitar a los ciudadanos, promover la rendici\u00f3n de cuentas y&hellip; <a class=\"more-link\" href=\"https:\/\/democracia.do\/\">Continue reading <span class=\"screen-reader-text\">PORTADA<\/span><\/a><\/p>\n","protected":false},"author":1,"featured_media":0,"parent":0,"menu_order":0,"comment_status":"closed","ping_status":"open","template":"","meta":{"footnotes":""},"class_list":["post-2","page","type-page","status-publish","hentry","entry"],"_links":{"self":[{"href":"https:\/\/democracia.do\/index.php\/wp-json\/wp\/v2\/pages\/2","targetHints":{"allow":["GET"]}}],"collection":[{"href":"https:\/\/democracia.do\/index.php\/wp-json\/wp\/v2\/pages"}],"about":[{"href":"https:\/\/democracia.do\/index.php\/wp-json\/wp\/v2\/types\/page"}],"author":[{"embeddable":true,"href":"https:\/\/democracia.do\/index.php\/wp-json\/wp\/v2\/users\/1"}],"replies":[{"embeddable":true,"href":"https:\/\/democracia.do\/index.php\/wp-json\/wp\/v2\/comments?post=2"}],"version-history":[{"count":4,"href":"https:\/\/democracia.do\/index.php\/wp-json\/wp\/v2\/pages\/2\/revisions"}],"predecessor-version":[{"id":30,"href":"https:\/\/democracia.do\/index.php\/wp-json\/wp\/v2\/pages\/2\/revisions\/30"}],"wp:attachment":[{"href":"https:\/\/democracia.do\/index.php\/wp-json\/wp\/v2\/media?parent=2"}],"curies":[{"name":"wp","href":"https:\/\/api.w.org\/{rel}","templated":true}]}}